{"id":138,"date":"2019-10-22T20:13:31","date_gmt":"2019-10-22T18:13:31","guid":{"rendered":"http:\/\/rempart-luthiers-workshop.fr\/?page_id=138"},"modified":"2020-02-23T21:54:34","modified_gmt":"2020-02-23T20:54:34","slug":"cours-guitare","status":"publish","type":"page","link":"https:\/\/rempart-luthiers-workshop.fr\/index.php\/cours-guitare\/","title":{"rendered":"COURS DE GUITARE"},"content":{"rendered":"<p style=\"text-align: center;\" align=\"center\">Cours individuels de guitare : classique, acoustique, \u00e9lectrique niveau d\u00e9butant \u00e0 interm\u00e9diaire.<br \/>\nAdultes et enfants \u00e0 partir de 7 ans, pratique instrumentale avec ou sans solf\u00e8ge, \u00e9tude du rythme, de l&rsquo;harmonie.<\/p>\n<p><img loading=\"lazy\" decoding=\"async\" class=\"size-medium wp-image-144 aligncenter\" src=\"https:\/\/rempart-luthiers-workshop.fr\/wp-content\/uploads\/2019\/10\/Guitare-classique-folk-\u00e9lectrique-300x270.jpg\" alt=\"\" width=\"300\" height=\"270\" \/><\/p>\n<p>&nbsp;<\/p>\n<p style=\"text-align: center;\" align=\"center\">Les cours de guitare ont lieu \u00e0 l&rsquo;atelier.<\/p>\n<p style=\"text-align: center;\" align=\"center\"><strong>Tarifs et horaires sur demande<\/strong><\/p>\n","protected":false},"excerpt":{"rendered":"<p>Cours individuels de guitare : classique, acoustique, \u00e9lectrique niveau d\u00e9butant \u00e0 interm\u00e9diaire. Adultes et enfants \u00e0 partir de 7 ans, pratique instrumentale avec ou sans solf\u00e8ge, \u00e9tude du rythme, de l&rsquo;harmonie. &nbsp; Les cours de guitare ont lieu \u00e0 l&rsquo;atelier. Tarifs et horaires sur demande<\/p>\n","protected":false},"author":1,"featured_media":0,"parent":0,"menu_order":0,"comment_status":"closed","ping_status":"closed","template":"","meta":{"footnotes":""},"_links":{"self":[{"href":"https:\/\/rempart-luthiers-workshop.fr\/index.php\/wp-json\/wp\/v2\/pages\/138"}],"collection":[{"href":"https:\/\/rempart-luthiers-workshop.fr\/index.php\/wp-json\/wp\/v2\/pages"}],"about":[{"href":"https:\/\/rempart-luthiers-workshop.fr\/index.php\/wp-json\/wp\/v2\/types\/page"}],"author":[{"embeddable":true,"href":"https:\/\/rempart-luthiers-workshop.fr\/index.php\/wp-json\/wp\/v2\/users\/1"}],"replies":[{"embeddable":true,"href":"https:\/\/rempart-luthiers-workshop.fr\/index.php\/wp-json\/wp\/v2\/comments?post=138"}],"version-history":[{"count":7,"href":"https:\/\/rempart-luthiers-workshop.fr\/index.php\/wp-json\/wp\/v2\/pages\/138\/revisions"}],"predecessor-version":[{"id":330,"href":"https:\/\/rempart-luthiers-workshop.fr\/index.php\/wp-json\/wp\/v2\/pages\/138\/revisions\/330"}],"wp:attachment":[{"href":"https:\/\/rempart-luthiers-workshop.fr\/index.php\/wp-json\/wp\/v2\/media?parent=138"}],"curies":[{"name":"wp","href":"https:\/\/api.w.org\/{rel}","templated":true}]}}