{"id":198,"date":"2020-02-27T09:22:24","date_gmt":"2020-02-27T08:22:24","guid":{"rendered":"http:\/\/rempart-luthiers-workshop.fr\/?page_id=198"},"modified":"2020-02-27T09:22:24","modified_gmt":"2020-02-27T08:22:24","slug":"realisations","status":"publish","type":"page","link":"https:\/\/rempart-luthiers-workshop.fr\/index.php\/realisations\/","title":{"rendered":"REALISATIONS"},"content":{"rendered":"<p>L&rsquo;Atelier <strong>Rempart Luthier&rsquo;s Workshop<\/strong> r\u00e9alise tous types de r\u00e9parations et modifications d&rsquo;instruments \u00e0 cordes :<\/p>\n<p><img loading=\"lazy\" decoding=\"async\" class=\"alignnone size-medium wp-image-205\" src=\"https:\/\/rempart-luthiers-workshop.fr\/wp-content\/uploads\/2020\/02\/IMG_5224-300x225.jpg\" alt=\"\" width=\"300\" height=\"225\" srcset=\"https:\/\/rempart-luthiers-workshop.fr\/wp-content\/uploads\/2020\/02\/IMG_5224-300x225.jpg 300w, https:\/\/rempart-luthiers-workshop.fr\/wp-content\/uploads\/2020\/02\/IMG_5224-768x576.jpg 768w, https:\/\/rempart-luthiers-workshop.fr\/wp-content\/uploads\/2020\/02\/IMG_5224-1024x768.jpg 1024w, https:\/\/rempart-luthiers-workshop.fr\/wp-content\/uploads\/2020\/02\/IMG_5224-850x638.jpg 850w\" sizes=\"(max-width: 300px) 100vw, 300px\" \/><img loading=\"lazy\" decoding=\"async\" class=\"alignnone size-medium wp-image-203\" src=\"https:\/\/rempart-luthiers-workshop.fr\/wp-content\/uploads\/2020\/02\/IMG_3606-300x225.jpg\" alt=\"\" width=\"300\" height=\"225\" srcset=\"https:\/\/rempart-luthiers-workshop.fr\/wp-content\/uploads\/2020\/02\/IMG_3606-300x225.jpg 300w, https:\/\/rempart-luthiers-workshop.fr\/wp-content\/uploads\/2020\/02\/IMG_3606-768x576.jpg 768w, https:\/\/rempart-luthiers-workshop.fr\/wp-content\/uploads\/2020\/02\/IMG_3606-1024x768.jpg 1024w, https:\/\/rempart-luthiers-workshop.fr\/wp-content\/uploads\/2020\/02\/IMG_3606-850x638.jpg 850w\" sizes=\"(max-width: 300px) 100vw, 300px\" \/><\/p>\n<p><strong>\u00a0\u00a0\u00a0\u00a0\u00a0\u00a0\u00a0\u00a0\u00a0\u00a0\u00a0\u00a0 Recollage de caisse\u00a0\u00a0\u00a0\u00a0\u00a0\u00a0\u00a0\u00a0\u00a0\u00a0\u00a0\u00a0\u00a0\u00a0\u00a0\u00a0\u00a0\u00a0\u00a0\u00a0\u00a0\u00a0\u00a0\u00a0 \u00a0 \u00a0 R\u00e9paration fissure de table<\/strong><\/p>\n<p>&nbsp;<\/p>\n<p><img loading=\"lazy\" decoding=\"async\" class=\"alignnone size-medium wp-image-202\" src=\"https:\/\/rempart-luthiers-workshop.fr\/wp-content\/uploads\/2020\/02\/IMG_3566-300x225.jpg\" alt=\"\" width=\"300\" height=\"225\" srcset=\"https:\/\/rempart-luthiers-workshop.fr\/wp-content\/uploads\/2020\/02\/IMG_3566-300x225.jpg 300w, https:\/\/rempart-luthiers-workshop.fr\/wp-content\/uploads\/2020\/02\/IMG_3566-768x576.jpg 768w, https:\/\/rempart-luthiers-workshop.fr\/wp-content\/uploads\/2020\/02\/IMG_3566-1024x768.jpg 1024w, https:\/\/rempart-luthiers-workshop.fr\/wp-content\/uploads\/2020\/02\/IMG_3566-850x638.jpg 850w\" sizes=\"(max-width: 300px) 100vw, 300px\" \/><img loading=\"lazy\" decoding=\"async\" class=\"alignnone wp-image-201\" src=\"https:\/\/rempart-luthiers-workshop.fr\/wp-content\/uploads\/2020\/02\/IMG_3529-300x300.jpg\" alt=\"\" width=\"225\" height=\"225\" srcset=\"https:\/\/rempart-luthiers-workshop.fr\/wp-content\/uploads\/2020\/02\/IMG_3529-300x300.jpg 300w, https:\/\/rempart-luthiers-workshop.fr\/wp-content\/uploads\/2020\/02\/IMG_3529-150x150.jpg 150w, https:\/\/rempart-luthiers-workshop.fr\/wp-content\/uploads\/2020\/02\/IMG_3529-768x768.jpg 768w, https:\/\/rempart-luthiers-workshop.fr\/wp-content\/uploads\/2020\/02\/IMG_3529-1024x1024.jpg 1024w, https:\/\/rempart-luthiers-workshop.fr\/wp-content\/uploads\/2020\/02\/IMG_3529-850x850.jpg 850w\" sizes=\"(max-width: 225px) 100vw, 225px\" \/><\/p>\n<p><strong>\u00a0 \u00a0\u00a0 Recollage de chevalet\u00a0\u00a0\u00a0\u00a0\u00a0\u00a0\u00a0\u00a0\u00a0\u00a0\u00a0\u00a0\u00a0\u00a0\u00a0\u00a0\u00a0\u00a0\u00a0\u00a0\u00a0\u00a0\u00a0\u00a0\u00a0\u00a0\u00a0\u00a0\u00a0\u00a0\u00a0\u00a0\u00a0\u00a0 Recollage de manche<\/strong><\/p>\n<p>&nbsp;<\/p>\n<p><img loading=\"lazy\" decoding=\"async\" class=\"alignnone size-medium wp-image-207\" src=\"https:\/\/rempart-luthiers-workshop.fr\/wp-content\/uploads\/2020\/02\/IMG_5409-300x225.jpg\" alt=\"\" width=\"300\" height=\"225\" srcset=\"https:\/\/rempart-luthiers-workshop.fr\/wp-content\/uploads\/2020\/02\/IMG_5409-300x225.jpg 300w, https:\/\/rempart-luthiers-workshop.fr\/wp-content\/uploads\/2020\/02\/IMG_5409-768x576.jpg 768w, https:\/\/rempart-luthiers-workshop.fr\/wp-content\/uploads\/2020\/02\/IMG_5409-1024x768.jpg 1024w, https:\/\/rempart-luthiers-workshop.fr\/wp-content\/uploads\/2020\/02\/IMG_5409-850x638.jpg 850w\" sizes=\"(max-width: 300px) 100vw, 300px\" \/><img loading=\"lazy\" decoding=\"async\" class=\"alignnone size-medium wp-image-206\" src=\"https:\/\/rempart-luthiers-workshop.fr\/wp-content\/uploads\/2020\/02\/IMG_4771-300x225.jpg\" alt=\"\" width=\"300\" height=\"225\" srcset=\"https:\/\/rempart-luthiers-workshop.fr\/wp-content\/uploads\/2020\/02\/IMG_4771-300x225.jpg 300w, https:\/\/rempart-luthiers-workshop.fr\/wp-content\/uploads\/2020\/02\/IMG_4771-768x576.jpg 768w, https:\/\/rempart-luthiers-workshop.fr\/wp-content\/uploads\/2020\/02\/IMG_4771-1024x768.jpg 1024w, https:\/\/rempart-luthiers-workshop.fr\/wp-content\/uploads\/2020\/02\/IMG_4771-850x638.jpg 850w\" sizes=\"(max-width: 300px) 100vw, 300px\" \/><\/p>\n<p><strong>\u00a0 Modification de profil de manche\u00a0\u00a0\u00a0\u00a0\u00a0\u00a0\u00a0\u00a0\u00a0\u00a0\u00a0\u00a0\u00a0\u00a0\u00a0\u00a0\u00a0 Planim\u00e9trie &amp; refrettage<\/strong><\/p>\n<p>&nbsp;<\/p>\n<p><img loading=\"lazy\" decoding=\"async\" class=\"alignnone size-medium wp-image-200\" src=\"https:\/\/rempart-luthiers-workshop.fr\/wp-content\/uploads\/2020\/02\/IMG_4736-300x225.jpg\" alt=\"\" width=\"300\" height=\"225\" srcset=\"https:\/\/rempart-luthiers-workshop.fr\/wp-content\/uploads\/2020\/02\/IMG_4736-300x225.jpg 300w, https:\/\/rempart-luthiers-workshop.fr\/wp-content\/uploads\/2020\/02\/IMG_4736-768x576.jpg 768w, https:\/\/rempart-luthiers-workshop.fr\/wp-content\/uploads\/2020\/02\/IMG_4736-1024x768.jpg 1024w, https:\/\/rempart-luthiers-workshop.fr\/wp-content\/uploads\/2020\/02\/IMG_4736-850x638.jpg 850w\" sizes=\"(max-width: 300px) 100vw, 300px\" \/><img loading=\"lazy\" decoding=\"async\" class=\"alignnone size-medium wp-image-204\" src=\"https:\/\/rempart-luthiers-workshop.fr\/wp-content\/uploads\/2020\/02\/IMG_4233-300x225.jpg\" alt=\"\" width=\"300\" height=\"225\" srcset=\"https:\/\/rempart-luthiers-workshop.fr\/wp-content\/uploads\/2020\/02\/IMG_4233-300x225.jpg 300w, https:\/\/rempart-luthiers-workshop.fr\/wp-content\/uploads\/2020\/02\/IMG_4233-768x576.jpg 768w, https:\/\/rempart-luthiers-workshop.fr\/wp-content\/uploads\/2020\/02\/IMG_4233-1024x768.jpg 1024w, https:\/\/rempart-luthiers-workshop.fr\/wp-content\/uploads\/2020\/02\/IMG_4233-850x638.jpg 850w\" sizes=\"(max-width: 300px) 100vw, 300px\" \/><\/p>\n<p><strong>\u00a0Tous travaux de changements de composants ou montages \u00e9lectroniques<\/strong><\/p>\n","protected":false},"excerpt":{"rendered":"<p>L&rsquo;Atelier Rempart Luthier&rsquo;s Workshop r\u00e9alise tous types de r\u00e9parations et modifications d&rsquo;instruments \u00e0 cordes : \u00a0\u00a0\u00a0\u00a0\u00a0\u00a0\u00a0\u00a0\u00a0\u00a0\u00a0\u00a0 Recollage de caisse\u00a0\u00a0\u00a0\u00a0\u00a0\u00a0\u00a0\u00a0\u00a0\u00a0\u00a0\u00a0\u00a0\u00a0\u00a0\u00a0\u00a0\u00a0\u00a0\u00a0\u00a0\u00a0\u00a0\u00a0 \u00a0 \u00a0 R\u00e9paration fissure de table &nbsp; \u00a0 \u00a0\u00a0 Recollage de chevalet\u00a0\u00a0\u00a0\u00a0\u00a0\u00a0\u00a0\u00a0\u00a0\u00a0\u00a0\u00a0\u00a0\u00a0\u00a0\u00a0\u00a0\u00a0\u00a0\u00a0\u00a0\u00a0\u00a0\u00a0\u00a0\u00a0\u00a0\u00a0\u00a0\u00a0\u00a0\u00a0\u00a0\u00a0 Recollage de manche &nbsp; \u00a0 Modification de profil de manche\u00a0\u00a0\u00a0\u00a0\u00a0\u00a0\u00a0\u00a0\u00a0\u00a0\u00a0\u00a0\u00a0\u00a0\u00a0\u00a0\u00a0 Planim\u00e9trie &amp; refrettage &nbsp; \u00a0Tous travaux de changements de composants ou montages \u00e9lectroniques<\/p>\n","protected":false},"author":1,"featured_media":0,"parent":0,"menu_order":0,"comment_status":"closed","ping_status":"closed","template":"","meta":{"footnotes":""},"_links":{"self":[{"href":"https:\/\/rempart-luthiers-workshop.fr\/index.php\/wp-json\/wp\/v2\/pages\/198"}],"collection":[{"href":"https:\/\/rempart-luthiers-workshop.fr\/index.php\/wp-json\/wp\/v2\/pages"}],"about":[{"href":"https:\/\/rempart-luthiers-workshop.fr\/index.php\/wp-json\/wp\/v2\/types\/page"}],"author":[{"embeddable":true,"href":"https:\/\/rempart-luthiers-workshop.fr\/index.php\/wp-json\/wp\/v2\/users\/1"}],"replies":[{"embeddable":true,"href":"https:\/\/rempart-luthiers-workshop.fr\/index.php\/wp-json\/wp\/v2\/comments?post=198"}],"version-history":[{"count":6,"href":"https:\/\/rempart-luthiers-workshop.fr\/index.php\/wp-json\/wp\/v2\/pages\/198\/revisions"}],"predecessor-version":[{"id":213,"href":"https:\/\/rempart-luthiers-workshop.fr\/index.php\/wp-json\/wp\/v2\/pages\/198\/revisions\/213"}],"wp:attachment":[{"href":"https:\/\/rempart-luthiers-workshop.fr\/index.php\/wp-json\/wp\/v2\/media?parent=198"}],"curies":[{"name":"wp","href":"https:\/\/api.w.org\/{rel}","templated":true}]}}