{"id":58,"date":"2018-09-02T18:01:18","date_gmt":"2018-09-02T16:01:18","guid":{"rendered":"http:\/\/rempart-luthiers-workshop.fr\/?page_id=58"},"modified":"2019-11-17T18:59:49","modified_gmt":"2019-11-17T17:59:49","slug":"depot-vente","status":"publish","type":"page","link":"https:\/\/rempart-luthiers-workshop.fr\/index.php\/depot-vente\/","title":{"rendered":"D\u00c9P\u00d4T VENTE"},"content":{"rendered":"<p style=\"text-align: center;\"><strong>Retrouvez prochainement ici les instruments en d\u00e9p\u00f4t vente.<\/strong><\/p>\n<p><img loading=\"lazy\" decoding=\"async\" class=\"size-medium wp-image-135 aligncenter\" src=\"https:\/\/rempart-luthiers-workshop.fr\/wp-content\/uploads\/2019\/10\/DEPOT-VENTE-INSTRU-copie-300x200.jpg\" alt=\"\" width=\"300\" height=\"200\" srcset=\"https:\/\/rempart-luthiers-workshop.fr\/wp-content\/uploads\/2019\/10\/DEPOT-VENTE-INSTRU-copie-300x200.jpg 300w, https:\/\/rempart-luthiers-workshop.fr\/wp-content\/uploads\/2019\/10\/DEPOT-VENTE-INSTRU-copie.jpg 720w\" sizes=\"(max-width: 300px) 100vw, 300px\" \/><\/p>\n<p style=\"text-align: center;\">Vous souhaitez vendre un instrument, <a href=\"mailto:contact@rempart-luthiers-workshop.fr\"><strong>contactez-nous<\/strong><\/a> pour conna\u00eetre les conditions de mise en d\u00e9p\u00f4t vente.<\/p>\n","protected":false},"excerpt":{"rendered":"<p>Retrouvez prochainement ici les instruments en d\u00e9p\u00f4t vente. Vous souhaitez vendre un instrument, contactez-nous pour conna\u00eetre les conditions de mise en d\u00e9p\u00f4t vente.<\/p>\n","protected":false},"author":1,"featured_media":0,"parent":0,"menu_order":0,"comment_status":"closed","ping_status":"closed","template":"","meta":{"footnotes":""},"_links":{"self":[{"href":"https:\/\/rempart-luthiers-workshop.fr\/index.php\/wp-json\/wp\/v2\/pages\/58"}],"collection":[{"href":"https:\/\/rempart-luthiers-workshop.fr\/index.php\/wp-json\/wp\/v2\/pages"}],"about":[{"href":"https:\/\/rempart-luthiers-workshop.fr\/index.php\/wp-json\/wp\/v2\/types\/page"}],"author":[{"embeddable":true,"href":"https:\/\/rempart-luthiers-workshop.fr\/index.php\/wp-json\/wp\/v2\/users\/1"}],"replies":[{"embeddable":true,"href":"https:\/\/rempart-luthiers-workshop.fr\/index.php\/wp-json\/wp\/v2\/comments?post=58"}],"version-history":[{"count":7,"href":"https:\/\/rempart-luthiers-workshop.fr\/index.php\/wp-json\/wp\/v2\/pages\/58\/revisions"}],"predecessor-version":[{"id":162,"href":"https:\/\/rempart-luthiers-workshop.fr\/index.php\/wp-json\/wp\/v2\/pages\/58\/revisions\/162"}],"wp:attachment":[{"href":"https:\/\/rempart-luthiers-workshop.fr\/index.php\/wp-json\/wp\/v2\/media?parent=58"}],"curies":[{"name":"wp","href":"https:\/\/api.w.org\/{rel}","templated":true}]}}