{"id":7,"date":"2018-09-01T21:48:43","date_gmt":"2018-09-01T19:48:43","guid":{"rendered":"http:\/\/rempart-luthiers-workshop.fr\/?page_id=7"},"modified":"2025-06-02T14:53:39","modified_gmt":"2025-06-02T12:53:39","slug":"accueil","status":"publish","type":"page","link":"https:\/\/rempart-luthiers-workshop.fr\/","title":{"rendered":"L&rsquo;ATELIER"},"content":{"rendered":"<p><img loading=\"lazy\" decoding=\"async\" class=\"alignnone  wp-image-361\" src=\"https:\/\/rempart-luthiers-workshop.fr\/wp-content\/uploads\/2025\/06\/Devanture-300x69.jpg\" alt=\"\" width=\"853\" height=\"196\" srcset=\"https:\/\/rempart-luthiers-workshop.fr\/wp-content\/uploads\/2025\/06\/Devanture-300x69.jpg 300w, https:\/\/rempart-luthiers-workshop.fr\/wp-content\/uploads\/2025\/06\/Devanture-1024x236.jpg 1024w, https:\/\/rempart-luthiers-workshop.fr\/wp-content\/uploads\/2025\/06\/Devanture-768x177.jpg 768w, https:\/\/rempart-luthiers-workshop.fr\/wp-content\/uploads\/2025\/06\/Devanture-1536x355.jpg 1536w, https:\/\/rempart-luthiers-workshop.fr\/wp-content\/uploads\/2025\/06\/Devanture-2048x473.jpg 2048w, https:\/\/rempart-luthiers-workshop.fr\/wp-content\/uploads\/2025\/06\/Devanture-850x196.jpg 850w\" sizes=\"(max-width: 853px) 100vw, 853px\" \/><\/p>\n<p style=\"text-align: center;\">L&rsquo;atelier de lutherie se situe au c\u0153ur du village de <strong>Castelnau de levis (81150 Tarn)<\/strong>, \u00e0 c\u00f4t\u00e9 d&rsquo;Albi (6 km Direction Cordes sur ciel).<\/p>\n<p style=\"text-align: center;\"><a href=\"https:\/\/www.google.fr\/maps\/place\/Atelier+Rempart+Lutherie\/@43.9387851,2.0833244,15z\/data=!4m5!3m4!1s0x0:0xccd5636f27c906f7!8m2!3d43.9387851!4d2.0833244\" target=\"_blank\" rel=\"noopener\">SE RENDRE A L&rsquo;ATELIER<\/a><\/p>\n<h1 style=\"text-align: center;\"><strong>PRENEZ RDV<\/strong><\/h1>\n<h1 style=\"text-align: center;\"><strong>au 06.12.49.96.90<\/strong><\/h1>\n<p style=\"text-align: center;\"><strong>\u00a0<\/strong><\/p>\n<p style=\"text-align: center;\">Je vous accueille sur <strong>rendez-vous du lundi au vendredi de 10h \u00e0 12h et de 14h \u00e0 18h<\/strong> pour l&rsquo;entretien, la maintenance, la restauration et la fabrication de vos instruments \u00e0 cordes acoustiques et \u00e9lectriques.<\/p>\n<p style=\"text-align: center;\"><img loading=\"lazy\" decoding=\"async\" class=\"size-medium wp-image-117 aligncenter\" src=\"https:\/\/rempart-luthiers-workshop.fr\/wp-content\/uploads\/2019\/08\/IMG_3521-modifi\u00e9-300x225.jpg\" alt=\"\" width=\"300\" height=\"225\" srcset=\"https:\/\/rempart-luthiers-workshop.fr\/wp-content\/uploads\/2019\/08\/IMG_3521-modifi\u00e9-300x225.jpg 300w, https:\/\/rempart-luthiers-workshop.fr\/wp-content\/uploads\/2019\/08\/IMG_3521-modifi\u00e9-768x576.jpg 768w, https:\/\/rempart-luthiers-workshop.fr\/wp-content\/uploads\/2019\/08\/IMG_3521-modifi\u00e9-1024x768.jpg 1024w, https:\/\/rempart-luthiers-workshop.fr\/wp-content\/uploads\/2019\/08\/IMG_3521-modifi\u00e9-850x638.jpg 850w\" sizes=\"(max-width: 300px) 100vw, 300px\" \/><\/p>\n","protected":false},"excerpt":{"rendered":"<p>L&rsquo;atelier de lutherie se situe au c\u0153ur du village de Castelnau de levis (81150 Tarn), \u00e0 c\u00f4t\u00e9 d&rsquo;Albi (6 km Direction Cordes sur ciel). SE RENDRE A L&rsquo;ATELIER PRENEZ RDV au 06.12.49.96.90 \u00a0 Je vous accueille sur rendez-vous du lundi au vendredi de 10h \u00e0 12h et de 14h \u00e0 18h pour l&rsquo;entretien, la maintenance,&#8230;<\/p>\n","protected":false},"author":1,"featured_media":0,"parent":0,"menu_order":0,"comment_status":"closed","ping_status":"closed","template":"","meta":{"footnotes":""},"_links":{"self":[{"href":"https:\/\/rempart-luthiers-workshop.fr\/index.php\/wp-json\/wp\/v2\/pages\/7"}],"collection":[{"href":"https:\/\/rempart-luthiers-workshop.fr\/index.php\/wp-json\/wp\/v2\/pages"}],"about":[{"href":"https:\/\/rempart-luthiers-workshop.fr\/index.php\/wp-json\/wp\/v2\/types\/page"}],"author":[{"embeddable":true,"href":"https:\/\/rempart-luthiers-workshop.fr\/index.php\/wp-json\/wp\/v2\/users\/1"}],"replies":[{"embeddable":true,"href":"https:\/\/rempart-luthiers-workshop.fr\/index.php\/wp-json\/wp\/v2\/comments?post=7"}],"version-history":[{"count":20,"href":"https:\/\/rempart-luthiers-workshop.fr\/index.php\/wp-json\/wp\/v2\/pages\/7\/revisions"}],"predecessor-version":[{"id":362,"href":"https:\/\/rempart-luthiers-workshop.fr\/index.php\/wp-json\/wp\/v2\/pages\/7\/revisions\/362"}],"wp:attachment":[{"href":"https:\/\/rempart-luthiers-workshop.fr\/index.php\/wp-json\/wp\/v2\/media?parent=7"}],"curies":[{"name":"wp","href":"https:\/\/api.w.org\/{rel}","templated":true}]}}